{"id":223,"date":"2021-04-20T20:36:36","date_gmt":"2021-04-20T20:36:36","guid":{"rendered":"https:\/\/costumescouture.com\/?page_id=223"},"modified":"2022-10-06T10:00:50","modified_gmt":"2022-10-06T10:00:50","slug":"about","status":"publish","type":"page","link":"https:\/\/costumescouture.com\/de\/about\/","title":{"rendered":"\u00dcber"},"content":{"rendered":"<div class=\"bm-builder clearfix\"><div id=\"\" class=\"module col-0 module-id-161895099315 bm-wrap row-equal_spacing_v row-center\" data-module-col=\"0\" data-change-color=\"off\" data-backcolor=\"transparent\" data-frontcolor=\"\" data-logocolor=\"\" data-goto-top=\"off\" data-goto-top-spacing=\"0\" data-goto-disable-m=\"\" data-groupsameheight=\"off\"><div class=\"module-inside group-inside\" style=\"--top-mod: 0px;--bottom-mod: 20px;--top-mod-m:0px;--bottom-mod-m:0px;\"><div id=\"\" class=\"module col-12 module-id-1618950993218\" data-module-col=\"12\"><div class=\"module-inside single-image-inside\" style=\"--top-mod: 0px;--bottom-mod: 0px;--top-mod-m:0px;--bottom-mod-m:0px;\"><div class=\"single-image-out single-image-svg\" ><div class=\"single-image align-center\"><span class=\"ux-hover-wrap-a\"><\/span><\/div><\/div><\/div><\/div><div id=\"\" class=\"module col-12 module-id-1618950993430\" data-module-col=\"12\"><div class=\"module-inside text-inside\" style=\"--top-mod: 0px;--bottom-mod: 80px;--top-mod-m:40px;--bottom-mod-m:0px;\"><div class=\"text_block_out\"  data-effect=\"standard\"><div class=\"text_block ux-mod-nobg\"><div class=\"text_block_inn\"><div id=\"text-1618950993430\" class=\"text_block_centered text_block_centered_enable_width\"  style=\"\"><h1 style=\"text-align: center;\"><span style=\"font-size: 120px; --font-size-m: 84px;\">\u00dcber Uns<\/span><\/h1><\/div><\/div><\/div><\/div><\/div><\/div><div id=\"\" class=\"module col-12 module-id-1618950993618\" data-module-col=\"12\"><div class=\"module-inside single-image-inside\" style=\"--top-mod: 0px;--bottom-mod: 0px;--top-mod-m:0px;--bottom-mod-m:0px;\"><div class=\"single-image-out single-image-svg\" ><div class=\"single-image align-center\"><span class=\"ux-hover-wrap-a\"><\/span><\/div><\/div><\/div><\/div><\/div><\/div><div id=\"\" class=\"module col-12 module-id-1618950993822 bm-wrap row-top row-left bm-wrap-height-auto\" data-module-col=\"12\" data-change-color=\"on\" data-backcolor=\"#000000\" data-frontcolor=\"#ffffff\" data-logocolor=\"alt-logo-univer\" data-goto-top=\"off\" data-goto-top-spacing=\"0\" data-goto-disable-m=\"\" data-groupsameheight=\"off\"><div class=\"module-inside group-inside\" style=\"--top-mod: 0px;--bottom-mod: 120px;--top-mod-m:0px;--bottom-mod-m:20px;\"><div id=\"\" class=\"module col-6 module-id-161895099483\" data-module-col=\"6\"><div class=\"module-inside text-inside\" style=\"--top-mod: 0px;--bottom-mod: 20px;--top-mod-m:0px;--bottom-mod-m:20px;\"><div class=\"text_block_out\"  data-effect=\"standard\"><div class=\"text_block ux-mod-nobg\"><div class=\"text_block_inn\"><div id=\"text-161895099483\" class=\"text_block_centered text_block_centered_enable_width\"  style=\"\"><h3>Couture- und luxuri\u00f6se Kost\u00fcme f\u00fcr die Filmindustrie.<\/h3><\/div><\/div><\/div><\/div><\/div><\/div><\/div><\/div><div id=\"\" class=\"module col-6 module-id-1618950994393\" data-module-col=\"6\"><div class=\"module-inside text-inside\" style=\"--top-mod: 0px;--bottom-mod: 0px;--top-mod-m:0px;--bottom-mod-m:20px;\"><div class=\"text_block_out\"  data-effect=\"standard\"><div class=\"text_block ux-mod-nobg\"><div class=\"text_block_inn\"><div id=\"text-1618950994393\" class=\"text_block_centered text_block_centered_enable_width\"  style=\"\"><p>&nbsp;<\/p>\n<h2><span style=\"--font-size-m: 22px;\">Team<br><\/span><\/h2><\/div><\/div><\/div><\/div><\/div><\/div><div id=\"\" class=\"module col-6 module-id-1618950994506 bm-wrap row-top row-left bm-wrap-height-auto\" data-module-col=\"6\" data-change-color=\"on\" data-backcolor=\"#000000\" data-frontcolor=\"#ffffff\" data-logocolor=\"\" data-goto-top=\"off\" data-goto-top-spacing=\"0\" data-goto-disable-m=\"\" data-groupsameheight=\"\"><div class=\"module-inside group-inside\" style=\"--top-mod: 0px;--bottom-mod: 120px;--top-mod-m:0px;--bottom-mod-m:0px;\"><div id=\"\" class=\"module col-2 module-id-1618950994613\" data-module-col=\"2\"><div class=\"module-inside single-image-inside\" style=\"--top-mod: 0px;--bottom-mod: 40px;--top-mod-m:0px;--bottom-mod-m:10px;\"><div class=\"single-image-out\" ><figure class=\"single-image  bm-image-mouseover bm-gray-to-colored single-image-full\" ><div class=\"ux-hover-wrap\" style=\"padding-top: 136.60322108346%;\"><span class=\"ux-hover-wrap-a\"><img loading=\"lazy\" decoding=\"async\" alt=\"Michel\" class=\"single-image-img lazy grayscale\" src=\"data:image\/gif;base64,R0lGODlhAQABAIAAAAAAAP\/\/\/yH5BAEAAAAALAAAAAABAAEAAAIBRAA7\" data-src=\"https:\/\/costumescouture.com\/wp-content\/uploads\/2021\/10\/Michel.jpg\" data-srcset=\"https:\/\/costumescouture.com\/wp-content\/uploads\/2021\/10\/Michel.jpg 683w, https:\/\/costumescouture.com\/wp-content\/uploads\/2021\/10\/Michel-220x300.jpg 220w, https:\/\/costumescouture.com\/wp-content\/uploads\/2021\/10\/Michel-9x12.jpg 9w, https:\/\/costumescouture.com\/wp-content\/uploads\/2021\/10\/Michel-350x478.jpg 350w, https:\/\/costumescouture.com\/wp-content\/uploads\/2021\/10\/Michel-650x888.jpg 650w\" data-sizes=\"(max-width: 480px) 320px,(max-width: 767px) 500px,(max-width: 683px) 100vw, 683px\" width=\"683\" height=\"933\" \/><\/span><\/div><\/figure><\/div><\/div><\/div><div id=\"\" class=\"module col-4 module-id-1618950994760\" data-module-col=\"4\"><div class=\"module-inside text-inside\" style=\"--top-mod: 10px;--bottom-mod: 0px;--top-mod-m:0px;--bottom-mod-m:60px;\"><div class=\"text_block_out\"  data-effect=\"standard\"><div class=\"text_block ux-mod-nobg\"><div class=\"text_block_inn\"><div id=\"text-1618950994760\" class=\"text_block_centered text_block_centered_enable_width\"  style=\"\"><h4>&nbsp;<\/h4>\n<h4>Michel Mayer<br><br><a href=\"mailto:office@costumescouture.com\" target=\"_blank\" rel=\"noopener\">office@costumescouture.com<\/a><\/h4>\n<p>&nbsp;<\/p>\n<p>T <a href=\"Tel: +43 1 967 40 55\" target=\"_blank\" rel=\"noopener\">+43 1 967 40 55<\/a><\/p>\n<h5><br><a href=\"https:\/\/costumescouture.com\/de\/michel-mayer\/\" target=\"_blank\" rel=\"noopener\">\u00dcber Mich<\/a><\/h5>\n<p>&nbsp;<\/p>\n<p>Instagram: <a class=\"notranslate\" tabindex=\"0\" href=\"https:\/\/www.instagram.com\/michel_mayer_vienna\/\">@michel_mayer_vienna<\/a><\/p><\/div><\/div><\/div><\/div><\/div><\/div><div id=\"\" class=\"module col-2 module-id-1618950994895\" data-module-col=\"2\"><div class=\"module-inside single-image-inside\" style=\"--top-mod: 0px;--bottom-mod: 0px;--top-mod-m:0px;--bottom-mod-m:10px;\"><div class=\"single-image-out\" ><figure class=\"single-image  bm-image-mouseover bm-gray-to-colored single-image-full\" ><div class=\"ux-hover-wrap\" style=\"padding-top: 135.34072900158%;\"><span class=\"ux-hover-wrap-a\"><img loading=\"lazy\" decoding=\"async\" alt=\"Monica\" class=\"single-image-img lazy grayscale\" src=\"data:image\/gif;base64,R0lGODlhAQABAIAAAAAAAP\/\/\/yH5BAEAAAAALAAAAAABAAEAAAIBRAA7\" data-src=\"https:\/\/costumescouture.com\/wp-content\/uploads\/2021\/10\/Monica.jpg\" data-srcset=\"https:\/\/costumescouture.com\/wp-content\/uploads\/2021\/10\/Monica.jpg 631w, https:\/\/costumescouture.com\/wp-content\/uploads\/2021\/10\/Monica-222x300.jpg 222w, https:\/\/costumescouture.com\/wp-content\/uploads\/2021\/10\/Monica-9x12.jpg 9w, https:\/\/costumescouture.com\/wp-content\/uploads\/2021\/10\/Monica-350x474.jpg 350w\" data-sizes=\"(max-width: 480px) 320px,(max-width: 767px) 500px,(max-width: 631px) 100vw, 631px\" width=\"631\" height=\"854\" \/><\/span><\/div><\/figure><\/div><\/div><\/div><div id=\"\" class=\"module col-4 module-id-1618950995188\" data-module-col=\"4\"><div class=\"module-inside text-inside\" style=\"--top-mod: 10px;--bottom-mod: 0px;--top-mod-m:0px;--bottom-mod-m:20px;\"><div class=\"text_block_out\"  data-effect=\"standard\"><div class=\"text_block ux-mod-nobg\"><div class=\"text_block_inn\"><div id=\"text-1618950995188\" class=\"text_block_centered text_block_centered_enable_width\"  style=\"\"><h4>Monica Ferrari-Krieger<\/h4>\n<h4><br><a href=\"mailto:office@costumescouture.com\" target=\"_blank\" rel=\"noopener\">office@costumescouture.com<\/a><\/h4>\n<p>&nbsp;<\/p>\n<p>T +43 1 967 40 55<\/p>\n<h5>&nbsp;<\/h5>\n<h5><a href=\"https:\/\/costumescouture.com\/de\/monica-ferrari-krieger\/\" target=\"_blank\" rel=\"noopener\">\u00dcber Mich<\/a><\/h5>\n<p>&nbsp;<\/p>\n<p>Instagram: <a href=\"https:\/\/www.instagram.com\/monicaferrarikrieger\/\">@monicaferrarikrieger<\/a><\/p><\/div><\/div><\/div><\/div><\/div><\/div><\/div><\/div><div id=\"\" class=\"module col-6 module-id-1618950995394 bm-wrap row-top bm-wrap-height-auto\" data-module-col=\"6\" data-change-color=\"off\" data-backcolor=\"transparent\" data-frontcolor=\"\" data-logocolor=\"\" data-goto-top=\"off\" data-goto-top-spacing=\"\" data-goto-disable-m=\"\" data-groupsameheight=\"\"><div class=\"module-inside group-inside\" style=\"--top-mod: 0px;--bottom-mod: 20px;--top-mod-m:0px;--bottom-mod-m:0px;\"><div id=\"\" class=\"module col-6 module-id-1618950995469\" data-module-col=\"6\"><div class=\"module-inside text-inside\" style=\"--top-mod: 0px;--bottom-mod: 20px;--top-mod-m:0px;--bottom-mod-m:10px;\"><div class=\"text_block_out\"  data-effect=\"standard\"><div class=\"text_block ux-mod-nobg\"><div class=\"text_block_inn\"><div id=\"text-1618950995469\" class=\"text_block_centered text_block_centered_enable_width\"  style=\"\"><h5>COSTUMES COUTURE<\/h5><\/div><\/div><\/div><\/div><\/div><\/div><div id=\"\" class=\"module col-12 module-id-1618950995571\" data-module-col=\"12\"><div class=\"module-inside text-inside\" style=\"--top-mod: 0px;--bottom-mod: 0px;--top-mod-m:0px;--bottom-mod-m:20px;\"><div class=\"text_block_out\"  data-effect=\"standard\"><div class=\"text_block ux-mod-nobg\"><div class=\"text_block_inn\"><div id=\"text-1618950995571\" class=\"text_block_centered text_block_centered_enable_width\"  style=\"\"><p>COSTUMES COUTURE ist ein Zusammenschluss zweier erfahrener Pers\u00f6nlichkeiten aus dem Bereich der Mode mit sehr unterschiedlichen Ans\u00e4tzen. Michaela Mayer-Lee's Prozess ist frei flie\u00dfend und spontan; jedes Design entwickelt sich durch ihren kreativen Drapierungsprozess im 3D-Raum. Monica Ferrari-Krieger ist eine Meisterin des Musterdesigns und arbeitet im 2D-Raum, um ihre Ideen durch sorgf\u00e4ltige Planung und geometrisches Design zum Leben zu erwecken.<\/p>\n<p><span style=\"font-size: 22px; letter-spacing: 0px;\">&nbsp;<\/span><\/p><\/div><\/div><\/div><\/div><\/div><\/div><\/div><\/div><div id=\"\" class=\"module col-6 module-id-1618950995667 bm-wrap row-top row-left bm-wrap-height-auto\" data-module-col=\"6\" data-change-color=\"off\" data-backcolor=\"transparent\" data-frontcolor=\"\" data-logocolor=\"\" data-goto-top=\"off\" data-goto-top-spacing=\"0\" data-goto-disable-m=\"\" data-groupsameheight=\"\"><div class=\"module-inside group-inside\" style=\"--top-mod: 0px;--bottom-mod: 80px;--top-mod-m:0px;--bottom-mod-m:0px;\"><div id=\"\" class=\"module col-6 module-id-1618950995915\" data-module-col=\"6\"><div class=\"module-inside text-inside\" style=\"--top-mod: 0px;--bottom-mod: 20px;--top-mod-m:0px;--bottom-mod-m:10px;\"><div class=\"text_block_out\"  data-effect=\"standard\"><div class=\"text_block ux-mod-nobg\"><div class=\"text_block_inn\"><div id=\"text-1618950995915\" class=\"text_block_centered text_block_centered_enable_width\"  style=\"\"><h5>Die Firma<\/h5><\/div><\/div><\/div><\/div><\/div><\/div><div id=\"\" class=\"module col-6 module-id-16189509964\" data-module-col=\"6\"><div class=\"module-inside text-inside\" style=\"--top-mod: 0px;--bottom-mod: 0px;--top-mod-m:0px;--bottom-mod-m:0px;\"><div class=\"text_block_out\"  data-effect=\"standard\"><div class=\"text_block ux-mod-nobg\"><div class=\"text_block_inn\"><div id=\"text-16189509964\" class=\"text_block_centered text_block_centered_enable_width\"  style=\"\"><p>Michel Mayer-Lee ist vor allem f\u00fcr ihre charakteristischen drapierten Couture-Kleider unter dem Label Michel Mayer bekannt. Monica Ferrari-Krieger ist eine erfahrene Redakteurin und Kost\u00fcmbildnerin mit einem Schwerpunkt auf der Kunst der Mustererstellung. Sie gr\u00fcndeten Costumes Couture im Jahr 2021 und spezialisierten sich auf das Design und die Herstellung von Couture-Kleidern f\u00fcr Film, Theater und Oper.  Alle Kost\u00fcme werden in ihrem Atelier im ersten Wiener Gemeindebezirk handgefertigt.<\/p>\n<p><span style=\"font-size: 22px; --font-size-m: 18px;\">&nbsp;<\/span><\/p><\/div><\/div><\/div><\/div><\/div><\/div><\/div><\/div><div id=\"\" class=\"module col-6 module-id-161895099666 bm-wrap row-middle row-right bm-wrap-height-auto col-offset-6\" data-module-col=\"6\" data-change-color=\"off\" data-backcolor=\"transparent\" data-frontcolor=\"\" data-logocolor=\"\" data-goto-top=\"off\" data-goto-top-spacing=\"0\" data-goto-disable-m=\"\" data-groupsameheight=\"\"><div class=\"module-inside group-inside\" style=\"--top-mod: 0px;--bottom-mod: 120px;--top-mod-m:20px;--bottom-mod-m:60px;\"><div id=\"\" class=\"module col-6 module-id-1618950996140\" data-module-col=\"6\"><div class=\"module-inside text-inside\" style=\"--top-mod: 0px;--bottom-mod: 0px;--top-mod-m:0px;--bottom-mod-m:0px;\"><div class=\"text_block_out\"  data-effect=\"standard\"><div class=\"text_block ux-mod-nobg\"><div class=\"text_block_inn\"><div id=\"text-1618950996140\" class=\"text_block_centered\"  style=\"\"><p><\/p>\n<h6><span style=\"font-size: 26px;\">Finden Sie uns auf<\/span><\/h6><\/div><\/div><\/div><\/div><\/div><\/div><div id=\"\" class=\"module col-6 module-id-1618950996188\" data-module-col=\"6\"><div class=\"module-inside button-inside\" style=\"--top-mod: 0px;--bottom-mod: 0px;--top-mod-m:0px;--bottom-mod-m:0px;\"><div class=\"btn-mod-wrap btn-1618950996188 btn-left btn-left-m ux-horizontal ux-btn-wrap-regular\" style=\"\"><a class=\"ux-btn ux-btn-a-0 ux-cb-btn-1618950996188_0\" href=\"https:\/\/www.instagram.com\/costumes_couture\/?hl=de\" target=\"_blank\" rel=\" noopener noreferrer \" ><span class=\"ux-btn-text-wrap\"><span class=\"ux-btn-text\">Instagram<\/span><\/span><\/a><\/div><\/div><\/div><\/div><\/div><\/div>","protected":false},"excerpt":{"rendered":"<p>About UsCouture and luxury costumes for the film industry.&nbsp; Team&nbsp; &hellip;<\/p>","protected":false},"author":1,"featured_media":220,"parent":0,"menu_order":0,"comment_status":"closed","ping_status":"closed","template":"","meta":{"inline_featured_image":false,"footnotes":""},"class_list":["post-223","page","type-page","status-publish","has-post-thumbnail","hentry"],"yoast_head":"<!-- This site is optimized with the Yoast SEO plugin v27.5 - https:\/\/yoast.com\/product\/yoast-seo-wordpress\/ -->\n<title>About - COSTUMES COUTURE<\/title>\n<meta name=\"description\" content=\"COSTUMES COUTURE are two experienced personalities in the field of fashion: Michaela Mayer-Lee and Monica Ferrari-Krieger.\" \/>\n<meta name=\"robots\" content=\"index, follow, max-snippet:-1, max-image-preview:large, max-video-preview:-1\" \/>\n<link rel=\"canonical\" href=\"https:\/\/costumescouture.com\/de\/about\/\" \/>\n<meta property=\"og:locale\" content=\"de_DE\" \/>\n<meta property=\"og:type\" content=\"article\" \/>\n<meta property=\"og:title\" content=\"About - COSTUMES COUTURE\" \/>\n<meta property=\"og:description\" content=\"COSTUMES COUTURE are two experienced personalities in the field of fashion: Michaela Mayer-Lee and Monica Ferrari-Krieger.\" \/>\n<meta property=\"og:url\" content=\"https:\/\/costumescouture.com\/de\/about\/\" \/>\n<meta property=\"og:site_name\" content=\"COSTUMES COUTURE\" \/>\n<meta property=\"article:modified_time\" content=\"2022-10-06T10:00:50+00:00\" \/>\n<meta property=\"og:image\" content=\"https:\/\/costumescouture.com\/wp-content\/uploads\/2021\/04\/25DA5D7D-9D16-4F42-A7E8-0E8FD4F84218.jpg\" \/>\n\t<meta property=\"og:image:width\" content=\"1152\" \/>\n\t<meta property=\"og:image:height\" content=\"2048\" \/>\n\t<meta property=\"og:image:type\" content=\"image\/jpeg\" \/>\n<meta name=\"twitter:card\" content=\"summary_large_image\" \/>\n<script type=\"application\/ld+json\" class=\"yoast-schema-graph\">{\"@context\":\"https:\\\/\\\/schema.org\",\"@graph\":[{\"@type\":\"WebPage\",\"@id\":\"https:\\\/\\\/costumescouture.com\\\/en\\\/about\\\/\",\"url\":\"https:\\\/\\\/costumescouture.com\\\/en\\\/about\\\/\",\"name\":\"About - COSTUMES COUTURE\",\"isPartOf\":{\"@id\":\"https:\\\/\\\/costumescouture.com\\\/en\\\/#website\"},\"primaryImageOfPage\":{\"@id\":\"https:\\\/\\\/costumescouture.com\\\/en\\\/about\\\/#primaryimage\"},\"image\":{\"@id\":\"https:\\\/\\\/costumescouture.com\\\/en\\\/about\\\/#primaryimage\"},\"thumbnailUrl\":\"https:\\\/\\\/costumescouture.com\\\/wp-content\\\/uploads\\\/2021\\\/04\\\/25DA5D7D-9D16-4F42-A7E8-0E8FD4F84218.jpg\",\"datePublished\":\"2021-04-20T20:36:36+00:00\",\"dateModified\":\"2022-10-06T10:00:50+00:00\",\"description\":\"COSTUMES COUTURE are two experienced personalities in the field of fashion: Michaela Mayer-Lee and Monica Ferrari-Krieger.\",\"breadcrumb\":{\"@id\":\"https:\\\/\\\/costumescouture.com\\\/en\\\/about\\\/#breadcrumb\"},\"inLanguage\":\"de\",\"potentialAction\":[{\"@type\":\"ReadAction\",\"target\":[\"https:\\\/\\\/costumescouture.com\\\/en\\\/about\\\/\"]}]},{\"@type\":\"ImageObject\",\"inLanguage\":\"de\",\"@id\":\"https:\\\/\\\/costumescouture.com\\\/en\\\/about\\\/#primaryimage\",\"url\":\"https:\\\/\\\/costumescouture.com\\\/wp-content\\\/uploads\\\/2021\\\/04\\\/25DA5D7D-9D16-4F42-A7E8-0E8FD4F84218.jpg\",\"contentUrl\":\"https:\\\/\\\/costumescouture.com\\\/wp-content\\\/uploads\\\/2021\\\/04\\\/25DA5D7D-9D16-4F42-A7E8-0E8FD4F84218.jpg\",\"width\":1152,\"height\":2048},{\"@type\":\"BreadcrumbList\",\"@id\":\"https:\\\/\\\/costumescouture.com\\\/en\\\/about\\\/#breadcrumb\",\"itemListElement\":[{\"@type\":\"ListItem\",\"position\":1,\"name\":\"Home\",\"item\":\"https:\\\/\\\/costumescouture.com\\\/\"},{\"@type\":\"ListItem\",\"position\":2,\"name\":\"About\"}]},{\"@type\":\"WebSite\",\"@id\":\"https:\\\/\\\/costumescouture.com\\\/en\\\/#website\",\"url\":\"https:\\\/\\\/costumescouture.com\\\/en\\\/\",\"name\":\"COSTUMES COUTURE\",\"description\":\"Kost\u00fcme DIE KAISERIN, costumes THE EMPRESS\",\"publisher\":{\"@id\":\"https:\\\/\\\/costumescouture.com\\\/en\\\/#organization\"},\"potentialAction\":[{\"@type\":\"SearchAction\",\"target\":{\"@type\":\"EntryPoint\",\"urlTemplate\":\"https:\\\/\\\/costumescouture.com\\\/en\\\/?s={search_term_string}\"},\"query-input\":{\"@type\":\"PropertyValueSpecification\",\"valueRequired\":true,\"valueName\":\"search_term_string\"}}],\"inLanguage\":\"de\"},{\"@type\":\"Organization\",\"@id\":\"https:\\\/\\\/costumescouture.com\\\/en\\\/#organization\",\"name\":\"COSTUMES COUTURE\",\"url\":\"https:\\\/\\\/costumescouture.com\\\/en\\\/\",\"logo\":{\"@type\":\"ImageObject\",\"inLanguage\":\"de\",\"@id\":\"https:\\\/\\\/costumescouture.com\\\/en\\\/#\\\/schema\\\/logo\\\/image\\\/\",\"url\":\"https:\\\/\\\/costumescouture.com\\\/wp-content\\\/uploads\\\/2021\\\/04\\\/COSTUMES-COUTURE-2.png\",\"contentUrl\":\"https:\\\/\\\/costumescouture.com\\\/wp-content\\\/uploads\\\/2021\\\/04\\\/COSTUMES-COUTURE-2.png\",\"width\":300,\"height\":60,\"caption\":\"COSTUMES COUTURE\"},\"image\":{\"@id\":\"https:\\\/\\\/costumescouture.com\\\/en\\\/#\\\/schema\\\/logo\\\/image\\\/\"},\"sameAs\":[\"https:\\\/\\\/www.instagram.com\\\/costumes_couture\\\/\"]}]}<\/script>\n<!-- \/ Yoast SEO plugin. -->","yoast_head_json":{"title":"About - COSTUMES COUTURE","description":"COSTUMES COUTURE are two experienced personalities in the field of fashion: Michaela Mayer-Lee and Monica Ferrari-Krieger.","robots":{"index":"index","follow":"follow","max-snippet":"max-snippet:-1","max-image-preview":"max-image-preview:large","max-video-preview":"max-video-preview:-1"},"canonical":"https:\/\/costumescouture.com\/de\/about\/","og_locale":"de_DE","og_type":"article","og_title":"About - COSTUMES COUTURE","og_description":"COSTUMES COUTURE are two experienced personalities in the field of fashion: Michaela Mayer-Lee and Monica Ferrari-Krieger.","og_url":"https:\/\/costumescouture.com\/de\/about\/","og_site_name":"COSTUMES COUTURE","article_modified_time":"2022-10-06T10:00:50+00:00","og_image":[{"width":1152,"height":2048,"url":"https:\/\/costumescouture.com\/wp-content\/uploads\/2021\/04\/25DA5D7D-9D16-4F42-A7E8-0E8FD4F84218.jpg","type":"image\/jpeg"}],"twitter_card":"summary_large_image","schema":{"@context":"https:\/\/schema.org","@graph":[{"@type":"WebPage","@id":"https:\/\/costumescouture.com\/en\/about\/","url":"https:\/\/costumescouture.com\/en\/about\/","name":"About - COSTUMES COUTURE","isPartOf":{"@id":"https:\/\/costumescouture.com\/en\/#website"},"primaryImageOfPage":{"@id":"https:\/\/costumescouture.com\/en\/about\/#primaryimage"},"image":{"@id":"https:\/\/costumescouture.com\/en\/about\/#primaryimage"},"thumbnailUrl":"https:\/\/costumescouture.com\/wp-content\/uploads\/2021\/04\/25DA5D7D-9D16-4F42-A7E8-0E8FD4F84218.jpg","datePublished":"2021-04-20T20:36:36+00:00","dateModified":"2022-10-06T10:00:50+00:00","description":"COSTUMES COUTURE are two experienced personalities in the field of fashion: Michaela Mayer-Lee and Monica Ferrari-Krieger.","breadcrumb":{"@id":"https:\/\/costumescouture.com\/en\/about\/#breadcrumb"},"inLanguage":"de","potentialAction":[{"@type":"ReadAction","target":["https:\/\/costumescouture.com\/en\/about\/"]}]},{"@type":"ImageObject","inLanguage":"de","@id":"https:\/\/costumescouture.com\/en\/about\/#primaryimage","url":"https:\/\/costumescouture.com\/wp-content\/uploads\/2021\/04\/25DA5D7D-9D16-4F42-A7E8-0E8FD4F84218.jpg","contentUrl":"https:\/\/costumescouture.com\/wp-content\/uploads\/2021\/04\/25DA5D7D-9D16-4F42-A7E8-0E8FD4F84218.jpg","width":1152,"height":2048},{"@type":"BreadcrumbList","@id":"https:\/\/costumescouture.com\/en\/about\/#breadcrumb","itemListElement":[{"@type":"ListItem","position":1,"name":"Home","item":"https:\/\/costumescouture.com\/"},{"@type":"ListItem","position":2,"name":"About"}]},{"@type":"WebSite","@id":"https:\/\/costumescouture.com\/en\/#website","url":"https:\/\/costumescouture.com\/en\/","name":"COSTUMES COUTURE","description":"Kost\u00fcme DIE KAISERIN, costumes THE EMPRESS","publisher":{"@id":"https:\/\/costumescouture.com\/en\/#organization"},"potentialAction":[{"@type":"SearchAction","target":{"@type":"EntryPoint","urlTemplate":"https:\/\/costumescouture.com\/en\/?s={search_term_string}"},"query-input":{"@type":"PropertyValueSpecification","valueRequired":true,"valueName":"search_term_string"}}],"inLanguage":"de"},{"@type":"Organization","@id":"https:\/\/costumescouture.com\/en\/#organization","name":"COSTUMES COUTURE","url":"https:\/\/costumescouture.com\/en\/","logo":{"@type":"ImageObject","inLanguage":"de","@id":"https:\/\/costumescouture.com\/en\/#\/schema\/logo\/image\/","url":"https:\/\/costumescouture.com\/wp-content\/uploads\/2021\/04\/COSTUMES-COUTURE-2.png","contentUrl":"https:\/\/costumescouture.com\/wp-content\/uploads\/2021\/04\/COSTUMES-COUTURE-2.png","width":300,"height":60,"caption":"COSTUMES COUTURE"},"image":{"@id":"https:\/\/costumescouture.com\/en\/#\/schema\/logo\/image\/"},"sameAs":["https:\/\/www.instagram.com\/costumes_couture\/"]}]}},"_links":{"self":[{"href":"https:\/\/costumescouture.com\/de\/wp-json\/wp\/v2\/pages\/223","targetHints":{"allow":["GET"]}}],"collection":[{"href":"https:\/\/costumescouture.com\/de\/wp-json\/wp\/v2\/pages"}],"about":[{"href":"https:\/\/costumescouture.com\/de\/wp-json\/wp\/v2\/types\/page"}],"author":[{"embeddable":true,"href":"https:\/\/costumescouture.com\/de\/wp-json\/wp\/v2\/users\/1"}],"replies":[{"embeddable":true,"href":"https:\/\/costumescouture.com\/de\/wp-json\/wp\/v2\/comments?post=223"}],"version-history":[{"count":2,"href":"https:\/\/costumescouture.com\/de\/wp-json\/wp\/v2\/pages\/223\/revisions"}],"predecessor-version":[{"id":248,"href":"https:\/\/costumescouture.com\/de\/wp-json\/wp\/v2\/pages\/223\/revisions\/248"}],"wp:featuredmedia":[{"embeddable":true,"href":"https:\/\/costumescouture.com\/de\/wp-json\/wp\/v2\/media\/220"}],"wp:attachment":[{"href":"https:\/\/costumescouture.com\/de\/wp-json\/wp\/v2\/media?parent=223"}],"curies":[{"name":"wp","href":"https:\/\/api.w.org\/{rel}","templated":true}]}}