{"id":380,"date":"2021-10-04T12:33:02","date_gmt":"2021-10-04T12:33:02","guid":{"rendered":"https:\/\/costumescouture.com\/?page_id=380"},"modified":"2023-06-26T11:19:22","modified_gmt":"2023-06-26T11:19:22","slug":"michel-mayer","status":"publish","type":"page","link":"https:\/\/costumescouture.com\/de\/michel-mayer\/","title":{"rendered":"Michel Mayer"},"content":{"rendered":"<div class=\"bm-builder clearfix\"><div id=\"\" class=\"module col-0 module-id-1633350710667 bm-wrap row-equal_spacing_v row-center\" data-module-col=\"0\" data-change-color=\"off\" data-backcolor=\"transparent\" data-frontcolor=\"\" data-logocolor=\"\" data-goto-top=\"off\" data-goto-top-spacing=\"0\" data-goto-disable-m=\"\" data-groupsameheight=\"off\"><div class=\"module-inside group-inside\" style=\"--top-mod: 0px;--bottom-mod: 20px;--top-mod-m:0px;--bottom-mod-m:0px;\"><div id=\"\" class=\"module col-12 module-id-1633350710735\" data-module-col=\"12\"><div class=\"module-inside single-image-inside\" style=\"--top-mod: 0px;--bottom-mod: 0px;--top-mod-m:0px;--bottom-mod-m:0px;\"><div class=\"single-image-out single-image-svg\" ><div class=\"single-image align-center\"><span class=\"ux-hover-wrap-a\"><\/span><\/div><\/div><\/div><\/div><div id=\"\" class=\"module col-12 module-id-1633350710787\" data-module-col=\"12\"><div class=\"module-inside text-inside\" style=\"--top-mod: 0px;--bottom-mod: 80px;--top-mod-m:40px;--bottom-mod-m:0px;\"><div class=\"text_block_out\"  data-effect=\"standard\"><div class=\"text_block ux-mod-nobg\"><div class=\"text_block_inn\"><div id=\"text-1633350710787\" class=\"text_block_centered text_block_centered_enable_width\"  style=\"\"><h1 style=\"text-align: center;\"><span style=\"font-size: 120px; --font-size-m: 84px;\">MICHEL MAYER<\/span><\/h1><\/div><\/div><\/div><\/div><\/div><\/div><div id=\"\" class=\"module col-12 module-id-1633350710866\" data-module-col=\"12\"><div class=\"module-inside single-image-inside\" style=\"--top-mod: 0px;--bottom-mod: 0px;--top-mod-m:0px;--bottom-mod-m:0px;\"><div class=\"single-image-out single-image-svg\" ><div class=\"single-image align-center\"><span class=\"ux-hover-wrap-a\"><\/span><\/div><\/div><\/div><\/div><\/div><\/div><div id=\"\" class=\"module col-6 module-id-163335071130\" data-module-col=\"6\"><div class=\"module-inside text-inside\" style=\"--top-mod: 0px;--bottom-mod: 0px;--top-mod-m:0px;--bottom-mod-m:20px;\"><div class=\"text_block_out\"  data-effect=\"standard\"><div class=\"text_block ux-mod-nobg\"><div class=\"text_block_inn\"><div id=\"text-163335071130\" class=\"text_block_centered text_block_centered_enable_width\"  style=\"\"><p>&nbsp;<\/p>\n<h2><span style=\"--font-size-m: 22px;\">&nbsp;<\/span><\/h2><\/div><\/div><\/div><\/div><\/div><\/div><div id=\"\" class=\"module col-6 module-id-163335071180 bm-wrap row-top row-left bm-wrap-height-auto\" data-module-col=\"6\" data-change-color=\"on\" data-backcolor=\"#000000\" data-frontcolor=\"#ffffff\" data-logocolor=\"\" data-goto-top=\"off\" data-goto-top-spacing=\"0\" data-goto-disable-m=\"\" data-groupsameheight=\"\"><div class=\"module-inside group-inside\" style=\"--top-mod: 0px;--bottom-mod: 120px;--top-mod-m:0px;--bottom-mod-m:0px;\"><div id=\"\" class=\"module col-2 module-id-1633350711137\" data-module-col=\"2\"><div class=\"module-inside single-image-inside\" style=\"--top-mod: 0px;--bottom-mod: 40px;--top-mod-m:0px;--bottom-mod-m:10px;\"><div class=\"single-image-out\" ><figure class=\"single-image  bm-image-mouseover bm-gray-to-colored single-image-full\" ><div class=\"ux-hover-wrap\" style=\"padding-top: 150%;\"><span class=\"ux-hover-wrap-a\"><img loading=\"lazy\" decoding=\"async\" alt=\"Picture \u00a9 Ernst Kainerstorfer\" class=\"single-image-img lazy grayscale\" src=\"data:image\/gif;base64,R0lGODlhAQABAIAAAAAAAP\/\/\/yH5BAEAAAAALAAAAAABAAEAAAIBRAA7\" data-src=\"https:\/\/costumescouture.com\/wp-content\/uploads\/2022\/07\/1.png\" data-srcset=\"https:\/\/costumescouture.com\/wp-content\/uploads\/2022\/07\/1.png 1000w, https:\/\/costumescouture.com\/wp-content\/uploads\/2022\/07\/1-200x300.png 200w, https:\/\/costumescouture.com\/wp-content\/uploads\/2022\/07\/1-683x1024.png 683w, https:\/\/costumescouture.com\/wp-content\/uploads\/2022\/07\/1-768x1152.png 768w, https:\/\/costumescouture.com\/wp-content\/uploads\/2022\/07\/1-8x12.png 8w, https:\/\/costumescouture.com\/wp-content\/uploads\/2022\/07\/1-350x525.png 350w, https:\/\/costumescouture.com\/wp-content\/uploads\/2022\/07\/1-650x975.png 650w\" data-sizes=\"(max-width: 480px) 320px,(max-width: 767px) 500px,(max-width: 1000px) 100vw, 1000px\" width=\"1000\" height=\"1500\" \/><\/span><\/div><figcaption class=\"single-image-caption right-ux\">Picture \u00a9 Ernst Kainerstorfer<\/figcaption><\/figure><\/div><\/div><\/div><div id=\"\" class=\"module col-4 module-id-1633350711215\" data-module-col=\"4\"><div class=\"module-inside text-inside\" style=\"--top-mod: 10px;--bottom-mod: 0px;--top-mod-m:0px;--bottom-mod-m:60px;\"><div class=\"text_block_out\"  data-effect=\"standard\"><div class=\"text_block ux-mod-nobg\"><div class=\"text_block_inn\"><div id=\"text-1633350711215\" class=\"text_block_centered text_block_centered_enable_width\"  style=\"\"><h4>&nbsp;<\/h4>\n<h4>Michaela Mayer-Lee<br><br><a href=\"mailto:office@michelmayer.at\">office@michelmayer.at<\/a><\/h4>\n<p>&nbsp;<\/p>\n<p>T <a href=\"Tel: +43 1 967 40 55\" target=\"_blank\" rel=\"noopener\">+43 1 967 40 55<\/a><\/p>\n<p>&nbsp;<\/p>\n<p>&nbsp;<\/p>\n<p>Instagram: <a class=\"notranslate\" tabindex=\"0\" href=\"https:\/\/www.instagram.com\/michel_mayer_vienna\/\">@michel_mayer_vienna<\/a><\/p><\/div><\/div><\/div><\/div><\/div><\/div><\/div><\/div><div id=\"\" class=\"module col-6 module-id-1633350711419 bm-wrap row-top row-left bm-wrap-height-auto\" data-module-col=\"6\" data-change-color=\"off\" data-backcolor=\"transparent\" data-frontcolor=\"\" data-logocolor=\"\" data-goto-top=\"off\" data-goto-top-spacing=\"0\" data-goto-disable-m=\"\" data-groupsameheight=\"off\"><div class=\"module-inside group-inside\" style=\"--top-mod: 0px;--bottom-mod: 20px;--top-mod-m:0px;--bottom-mod-m:0px;\"><div id=\"\" class=\"module col-6 module-id-1633350711456\" data-module-col=\"6\"><div class=\"module-inside text-inside\" style=\"--top-mod: 0px;--bottom-mod: 20px;--top-mod-m:0px;--bottom-mod-m:10px;\"><div class=\"text_block_out\"  data-effect=\"standard\"><div class=\"text_block ux-mod-nobg\"><div class=\"text_block_inn\"><div id=\"text-1633350711456\" class=\"text_block_centered text_block_centered_enable_width\"  style=\"\"><h5>\u00dcber Mich<\/h5><\/div><\/div><\/div><\/div><\/div><\/div><div id=\"\" class=\"module col-12 module-id-1633350711516\" data-module-col=\"12\"><div class=\"module-inside text-inside\" style=\"--top-mod: 0px;--bottom-mod: 0px;--top-mod-m:0px;--bottom-mod-m:20px;\"><div class=\"text_block_out\"  data-effect=\"standard\"><div class=\"text_block ux-mod-nobg\"><div class=\"text_block_inn\"><div id=\"text-1633350711516\" class=\"text_block_centered text_block_centered_enable_width\"  style=\"\"><p>Michaela Mayer-Lee schloss 1991 die Hochschule HBLA Herbststra\u00dfe ab und machte sich 1995 in Berndorf, Nieder\u00f6sterreich, mit einem eigenen Bekleidungsgesch\u00e4ft selbst\u00e4ndig. Sie gr\u00fcndete 1996 das Label MICHEL MAYER und entwirft Ready-to-wear- und Couture-Kollektionen. Nach mehreren Auszeichnungen er\u00f6ffnete sie 2001 die Boutique und das Atelier in der Wiener Innenstadt. MICHEL MAYER ist zu einer wichtigen Institution f\u00fcr Wiener Design und nachhaltige Produktion geworden.<\/p><\/div><\/div><\/div><\/div><\/div><\/div><\/div><\/div><div id=\"\" class=\"module col-6 module-id-1633350711577 bm-wrap row-top row-left bm-wrap-height-auto\" data-module-col=\"6\" data-change-color=\"off\" data-backcolor=\"transparent\" data-frontcolor=\"\" data-logocolor=\"\" data-goto-top=\"off\" data-goto-top-spacing=\"0\" data-goto-disable-m=\"\" data-groupsameheight=\"\"><div class=\"module-inside group-inside\" style=\"--top-mod: 0px;--bottom-mod: 80px;--top-mod-m:0px;--bottom-mod-m:0px;\"><div id=\"\" class=\"module col-6 module-id-1633350711639\" data-module-col=\"6\"><div class=\"module-inside text-inside\" style=\"--top-mod: 0px;--bottom-mod: 20px;--top-mod-m:0px;--bottom-mod-m:10px;\"><div class=\"text_block_out\"  data-effect=\"standard\"><div class=\"text_block ux-mod-nobg\"><div class=\"text_block_inn\"><div id=\"text-1633350711639\" class=\"text_block_centered text_block_centered_enable_width\"  style=\"\"><h5>Das Label<\/h5><\/div><\/div><\/div><\/div><\/div><\/div><div id=\"\" class=\"module col-6 module-id-1633350711700\" data-module-col=\"6\"><div class=\"module-inside text-inside\" style=\"--top-mod: 0px;--bottom-mod: 0px;--top-mod-m:0px;--bottom-mod-m:0px;\"><div class=\"text_block_out\"  data-effect=\"standard\"><div class=\"text_block ux-mod-nobg\"><div class=\"text_block_inn\"><div id=\"text-1633350711700\" class=\"text_block_centered text_block_centered_enable_width\"  style=\"\"><p>MICHEL MAYER war an vielen Projekten beteiligt, darunter zahlreiche Schauen im In- und Ausland sowie der internationale Vertrieb \u00fcber eine Agentur in London und Paris von 2008-2012. MICHEL MAYER hat Corporate Design f\u00fcr Gastronomie und Theaterproduktionen entworfen und Designkooperationen mit Palmers und dem niederl\u00e4ndischen Unternehmen Berghaus durchgef\u00fchrt. Im Laufe der Jahre hat sich der Schwerpunkt auf die Couture-Kollektion verlagert, die f\u00fcr Innovation und Design in der Wiener Ballhauskultur bekannt wurde. Diese Arbeit f\u00fchrte zu einer Zusammenarbeit mit Monica Ferrari-Krieger f\u00fcr ein internationales Filmprojekt im Jahr 2021 und zur Gr\u00fcndung von COSTUMES COUTURE.<\/p>\n<p><span style=\"font-size: 22px; --font-size-m: 18px;\">&nbsp;<\/span><\/p><\/div><\/div><\/div><\/div><\/div><\/div><\/div><\/div><div id=\"\" class=\"module col-6 module-id-1633350711747 bm-wrap row-middle row-right bm-wrap-height-auto col-offset-6\" data-module-col=\"6\" data-change-color=\"off\" data-backcolor=\"transparent\" data-frontcolor=\"\" data-logocolor=\"\" data-goto-top=\"off\" data-goto-top-spacing=\"0\" data-goto-disable-m=\"\" data-groupsameheight=\"\"><div class=\"module-inside group-inside\" style=\"--top-mod: 0px;--bottom-mod: 120px;--top-mod-m:20px;--bottom-mod-m:60px;\"><div id=\"\" class=\"module col-6 module-id-1633350711802\" data-module-col=\"6\"><div class=\"module-inside text-inside\" style=\"--top-mod: 0px;--bottom-mod: 0px;--top-mod-m:0px;--bottom-mod-m:0px;\"><div class=\"text_block_out\"  data-effect=\"standard\"><div class=\"text_block ux-mod-nobg\"><div class=\"text_block_inn\"><div id=\"text-1633350711802\" class=\"text_block_centered\"  style=\"\"><p><\/p>\n<h6><span style=\"font-size: 26px;\">Finden Sie uns auf<\/span><\/h6><\/div><\/div><\/div><\/div><\/div><\/div><div id=\"\" class=\"module col-6 module-id-1633350711846\" data-module-col=\"6\"><div class=\"module-inside button-inside\" style=\"--top-mod: 0px;--bottom-mod: 0px;--top-mod-m:0px;--bottom-mod-m:0px;\"><div class=\"btn-mod-wrap btn-1633350711846 btn-left btn-left-m ux-horizontal ux-btn-wrap-regular\" style=\"\"><a class=\"ux-btn ux-btn-a-0 ux-cb-btn-1633350711846_0\" href=\"https:\/\/www.instagram.com\/costumes_couture\/?hl=de\" target=\"_blank\" rel=\" noopener noreferrer \" ><span class=\"ux-btn-text-wrap\"><span class=\"ux-btn-text\">Instagram<\/span><\/span><\/a><\/div><\/div><\/div><\/div><\/div><\/div>","protected":false},"excerpt":{"rendered":"<p>MICHEL MAYER&nbsp; &nbsp;Picture \u00a9 Ernst Kainerstorfer&nbsp; Michaela Mayer-Leeoffice@michelmayer.at &nbsp; T &hellip;<\/p>","protected":false},"author":1,"featured_media":220,"parent":0,"menu_order":0,"comment_status":"closed","ping_status":"closed","template":"","meta":{"inline_featured_image":false,"footnotes":""},"class_list":["post-380","page","type-page","status-publish","has-post-thumbnail","hentry"],"yoast_head":"<!-- This site is optimized with the Yoast SEO plugin v27.5 - https:\/\/yoast.com\/product\/yoast-seo-wordpress\/ -->\n<title>Michel Mayer - COSTUMES COUTURE<\/title>\n<meta name=\"robots\" content=\"index, follow, max-snippet:-1, max-image-preview:large, max-video-preview:-1\" \/>\n<link rel=\"canonical\" href=\"https:\/\/costumescouture.com\/de\/michel-mayer\/\" \/>\n<meta property=\"og:locale\" content=\"de_DE\" \/>\n<meta property=\"og:type\" content=\"article\" \/>\n<meta property=\"og:title\" content=\"Michel Mayer - COSTUMES COUTURE\" \/>\n<meta property=\"og:description\" content=\"MICHEL MAYER&nbsp; &nbsp;Picture \u00a9 Ernst Kainerstorfer&nbsp; Michaela Mayer-Leeoffice@michelmayer.at &nbsp; T &hellip;\" \/>\n<meta property=\"og:url\" content=\"https:\/\/costumescouture.com\/de\/michel-mayer\/\" \/>\n<meta property=\"og:site_name\" content=\"COSTUMES COUTURE\" \/>\n<meta property=\"article:modified_time\" content=\"2023-06-26T11:19:22+00:00\" \/>\n<meta property=\"og:image\" content=\"https:\/\/costumescouture.com\/wp-content\/uploads\/2021\/04\/25DA5D7D-9D16-4F42-A7E8-0E8FD4F84218.jpg\" \/>\n\t<meta property=\"og:image:width\" content=\"1152\" \/>\n\t<meta property=\"og:image:height\" content=\"2048\" \/>\n\t<meta property=\"og:image:type\" content=\"image\/jpeg\" \/>\n<meta name=\"twitter:card\" content=\"summary_large_image\" \/>\n<script type=\"application\/ld+json\" class=\"yoast-schema-graph\">{\"@context\":\"https:\\\/\\\/schema.org\",\"@graph\":[{\"@type\":\"WebPage\",\"@id\":\"https:\\\/\\\/costumescouture.com\\\/michel-mayer\\\/\",\"url\":\"https:\\\/\\\/costumescouture.com\\\/michel-mayer\\\/\",\"name\":\"Michel Mayer - COSTUMES COUTURE\",\"isPartOf\":{\"@id\":\"https:\\\/\\\/costumescouture.com\\\/en\\\/#website\"},\"primaryImageOfPage\":{\"@id\":\"https:\\\/\\\/costumescouture.com\\\/michel-mayer\\\/#primaryimage\"},\"image\":{\"@id\":\"https:\\\/\\\/costumescouture.com\\\/michel-mayer\\\/#primaryimage\"},\"thumbnailUrl\":\"https:\\\/\\\/costumescouture.com\\\/wp-content\\\/uploads\\\/2021\\\/04\\\/25DA5D7D-9D16-4F42-A7E8-0E8FD4F84218.jpg\",\"datePublished\":\"2021-10-04T12:33:02+00:00\",\"dateModified\":\"2023-06-26T11:19:22+00:00\",\"breadcrumb\":{\"@id\":\"https:\\\/\\\/costumescouture.com\\\/michel-mayer\\\/#breadcrumb\"},\"inLanguage\":\"de\",\"potentialAction\":[{\"@type\":\"ReadAction\",\"target\":[\"https:\\\/\\\/costumescouture.com\\\/michel-mayer\\\/\"]}]},{\"@type\":\"ImageObject\",\"inLanguage\":\"de\",\"@id\":\"https:\\\/\\\/costumescouture.com\\\/michel-mayer\\\/#primaryimage\",\"url\":\"https:\\\/\\\/costumescouture.com\\\/wp-content\\\/uploads\\\/2021\\\/04\\\/25DA5D7D-9D16-4F42-A7E8-0E8FD4F84218.jpg\",\"contentUrl\":\"https:\\\/\\\/costumescouture.com\\\/wp-content\\\/uploads\\\/2021\\\/04\\\/25DA5D7D-9D16-4F42-A7E8-0E8FD4F84218.jpg\",\"width\":1152,\"height\":2048},{\"@type\":\"BreadcrumbList\",\"@id\":\"https:\\\/\\\/costumescouture.com\\\/michel-mayer\\\/#breadcrumb\",\"itemListElement\":[{\"@type\":\"ListItem\",\"position\":1,\"name\":\"Home\",\"item\":\"https:\\\/\\\/costumescouture.com\\\/\"},{\"@type\":\"ListItem\",\"position\":2,\"name\":\"Michel Mayer\"}]},{\"@type\":\"WebSite\",\"@id\":\"https:\\\/\\\/costumescouture.com\\\/en\\\/#website\",\"url\":\"https:\\\/\\\/costumescouture.com\\\/en\\\/\",\"name\":\"COSTUMES COUTURE\",\"description\":\"Kost\u00fcme DIE KAISERIN, costumes THE EMPRESS\",\"publisher\":{\"@id\":\"https:\\\/\\\/costumescouture.com\\\/en\\\/#organization\"},\"potentialAction\":[{\"@type\":\"SearchAction\",\"target\":{\"@type\":\"EntryPoint\",\"urlTemplate\":\"https:\\\/\\\/costumescouture.com\\\/en\\\/?s={search_term_string}\"},\"query-input\":{\"@type\":\"PropertyValueSpecification\",\"valueRequired\":true,\"valueName\":\"search_term_string\"}}],\"inLanguage\":\"de\"},{\"@type\":\"Organization\",\"@id\":\"https:\\\/\\\/costumescouture.com\\\/en\\\/#organization\",\"name\":\"COSTUMES COUTURE\",\"url\":\"https:\\\/\\\/costumescouture.com\\\/en\\\/\",\"logo\":{\"@type\":\"ImageObject\",\"inLanguage\":\"de\",\"@id\":\"https:\\\/\\\/costumescouture.com\\\/en\\\/#\\\/schema\\\/logo\\\/image\\\/\",\"url\":\"https:\\\/\\\/costumescouture.com\\\/wp-content\\\/uploads\\\/2021\\\/04\\\/COSTUMES-COUTURE-2.png\",\"contentUrl\":\"https:\\\/\\\/costumescouture.com\\\/wp-content\\\/uploads\\\/2021\\\/04\\\/COSTUMES-COUTURE-2.png\",\"width\":300,\"height\":60,\"caption\":\"COSTUMES COUTURE\"},\"image\":{\"@id\":\"https:\\\/\\\/costumescouture.com\\\/en\\\/#\\\/schema\\\/logo\\\/image\\\/\"},\"sameAs\":[\"https:\\\/\\\/www.instagram.com\\\/costumes_couture\\\/\"]}]}<\/script>\n<!-- \/ Yoast SEO plugin. -->","yoast_head_json":{"title":"Michel Mayer - COSTUMES COUTURE","robots":{"index":"index","follow":"follow","max-snippet":"max-snippet:-1","max-image-preview":"max-image-preview:large","max-video-preview":"max-video-preview:-1"},"canonical":"https:\/\/costumescouture.com\/de\/michel-mayer\/","og_locale":"de_DE","og_type":"article","og_title":"Michel Mayer - COSTUMES COUTURE","og_description":"MICHEL MAYER&nbsp; &nbsp;Picture \u00a9 Ernst Kainerstorfer&nbsp; Michaela Mayer-Leeoffice@michelmayer.at &nbsp; T &hellip;","og_url":"https:\/\/costumescouture.com\/de\/michel-mayer\/","og_site_name":"COSTUMES COUTURE","article_modified_time":"2023-06-26T11:19:22+00:00","og_image":[{"width":1152,"height":2048,"url":"https:\/\/costumescouture.com\/wp-content\/uploads\/2021\/04\/25DA5D7D-9D16-4F42-A7E8-0E8FD4F84218.jpg","type":"image\/jpeg"}],"twitter_card":"summary_large_image","schema":{"@context":"https:\/\/schema.org","@graph":[{"@type":"WebPage","@id":"https:\/\/costumescouture.com\/michel-mayer\/","url":"https:\/\/costumescouture.com\/michel-mayer\/","name":"Michel Mayer - COSTUMES COUTURE","isPartOf":{"@id":"https:\/\/costumescouture.com\/en\/#website"},"primaryImageOfPage":{"@id":"https:\/\/costumescouture.com\/michel-mayer\/#primaryimage"},"image":{"@id":"https:\/\/costumescouture.com\/michel-mayer\/#primaryimage"},"thumbnailUrl":"https:\/\/costumescouture.com\/wp-content\/uploads\/2021\/04\/25DA5D7D-9D16-4F42-A7E8-0E8FD4F84218.jpg","datePublished":"2021-10-04T12:33:02+00:00","dateModified":"2023-06-26T11:19:22+00:00","breadcrumb":{"@id":"https:\/\/costumescouture.com\/michel-mayer\/#breadcrumb"},"inLanguage":"de","potentialAction":[{"@type":"ReadAction","target":["https:\/\/costumescouture.com\/michel-mayer\/"]}]},{"@type":"ImageObject","inLanguage":"de","@id":"https:\/\/costumescouture.com\/michel-mayer\/#primaryimage","url":"https:\/\/costumescouture.com\/wp-content\/uploads\/2021\/04\/25DA5D7D-9D16-4F42-A7E8-0E8FD4F84218.jpg","contentUrl":"https:\/\/costumescouture.com\/wp-content\/uploads\/2021\/04\/25DA5D7D-9D16-4F42-A7E8-0E8FD4F84218.jpg","width":1152,"height":2048},{"@type":"BreadcrumbList","@id":"https:\/\/costumescouture.com\/michel-mayer\/#breadcrumb","itemListElement":[{"@type":"ListItem","position":1,"name":"Home","item":"https:\/\/costumescouture.com\/"},{"@type":"ListItem","position":2,"name":"Michel Mayer"}]},{"@type":"WebSite","@id":"https:\/\/costumescouture.com\/en\/#website","url":"https:\/\/costumescouture.com\/en\/","name":"COSTUMES COUTURE","description":"Kost\u00fcme DIE KAISERIN, costumes THE EMPRESS","publisher":{"@id":"https:\/\/costumescouture.com\/en\/#organization"},"potentialAction":[{"@type":"SearchAction","target":{"@type":"EntryPoint","urlTemplate":"https:\/\/costumescouture.com\/en\/?s={search_term_string}"},"query-input":{"@type":"PropertyValueSpecification","valueRequired":true,"valueName":"search_term_string"}}],"inLanguage":"de"},{"@type":"Organization","@id":"https:\/\/costumescouture.com\/en\/#organization","name":"COSTUMES COUTURE","url":"https:\/\/costumescouture.com\/en\/","logo":{"@type":"ImageObject","inLanguage":"de","@id":"https:\/\/costumescouture.com\/en\/#\/schema\/logo\/image\/","url":"https:\/\/costumescouture.com\/wp-content\/uploads\/2021\/04\/COSTUMES-COUTURE-2.png","contentUrl":"https:\/\/costumescouture.com\/wp-content\/uploads\/2021\/04\/COSTUMES-COUTURE-2.png","width":300,"height":60,"caption":"COSTUMES COUTURE"},"image":{"@id":"https:\/\/costumescouture.com\/en\/#\/schema\/logo\/image\/"},"sameAs":["https:\/\/www.instagram.com\/costumes_couture\/"]}]}},"_links":{"self":[{"href":"https:\/\/costumescouture.com\/de\/wp-json\/wp\/v2\/pages\/380","targetHints":{"allow":["GET"]}}],"collection":[{"href":"https:\/\/costumescouture.com\/de\/wp-json\/wp\/v2\/pages"}],"about":[{"href":"https:\/\/costumescouture.com\/de\/wp-json\/wp\/v2\/types\/page"}],"author":[{"embeddable":true,"href":"https:\/\/costumescouture.com\/de\/wp-json\/wp\/v2\/users\/1"}],"replies":[{"embeddable":true,"href":"https:\/\/costumescouture.com\/de\/wp-json\/wp\/v2\/comments?post=380"}],"version-history":[{"count":4,"href":"https:\/\/costumescouture.com\/de\/wp-json\/wp\/v2\/pages\/380\/revisions"}],"predecessor-version":[{"id":521,"href":"https:\/\/costumescouture.com\/de\/wp-json\/wp\/v2\/pages\/380\/revisions\/521"}],"wp:featuredmedia":[{"embeddable":true,"href":"https:\/\/costumescouture.com\/de\/wp-json\/wp\/v2\/media\/220"}],"wp:attachment":[{"href":"https:\/\/costumescouture.com\/de\/wp-json\/wp\/v2\/media?parent=380"}],"curies":[{"name":"wp","href":"https:\/\/api.w.org\/{rel}","templated":true}]}}